{"id":1488,"date":"2024-01-10T17:22:01","date_gmt":"2024-01-10T17:22:01","guid":{"rendered":"https:\/\/kayakmilfontes.com\/resolucao-alternativa-de-litigios\/"},"modified":"2026-01-15T13:57:16","modified_gmt":"2026-01-15T13:57:16","slug":"resolucao-alternativa-de-litigios","status":"publish","type":"page","link":"https:\/\/kayakmilfontes.com\/en\/resolucao-alternativa-de-litigios\/","title":{"rendered":"Resolu\u00e7\u00e3o Alternativa de Lit\u00edgios"},"content":{"rendered":"\t\t<div data-elementor-type=\"wp-page\" data-elementor-id=\"1488\" class=\"elementor elementor-1488 elementor-1233\">\n\t\t\t\t\t\t<section class=\"elementor-section elementor-top-section elementor-element elementor-element-2044d93 elementor-section-boxed elementor-section-height-default elementor-section-height-default wpr-particle-no wpr-jarallax-no wpr-parallax-no wpr-sticky-section-no\" data-id=\"2044d93\" data-element_type=\"section\">\n\t\t\t\t\t\t<div class=\"elementor-container elementor-column-gap-default\">\n\t\t\t\t\t<div class=\"elementor-column elementor-col-100 elementor-top-column elementor-element elementor-element-4f6be0e\" data-id=\"4f6be0e\" data-element_type=\"column\">\n\t\t\t<div class=\"elementor-widget-wrap elementor-element-populated\">\n\t\t\t\t\t\t<div class=\"elementor-element elementor-element-ba223fa elementor-widget elementor-widget-text-editor\" data-id=\"ba223fa\" data-element_type=\"widget\" data-widget_type=\"text-editor.default\">\n\t\t\t\t<div class=\"elementor-widget-container\">\n\t\t\t\t\t\t\t\t\t<h4><strong>CONFLICT MANAGEMENT<\/strong><\/h4><p>In the event of a consumer dispute, the consumer may resort to a Consumer Dispute Resolution Entity.<\/p><p>The Directorate-General for Consumers publishes the list of Alternative Dispute Resolution Entities (ADR) that have been notified to the European Commission, pursuant to Article 17(2) of Law No. 144\/2015 of September 8, as amended by Decree-Law No. 102\/2017 of August 23.<\/p><p>List of RAL entities available at:<\/p><p><a title=\"Goldenergy Alternative Dispute Resolution Entities\" href=\"https:\/\/www.consumidor.gov.pt\/parceiros\/sistema-de-defesa-do-consumidor\/entidades-de-resolucao-alternativa-de-litigios-de-consumo\/ral-mapa-e-lista-de-entidades.aspx\">https:\/\/www.consumidor.gov.pt\/parceiros\/sistema-de-defesa-do-consumidor\/entidades-de-resolucao-alternativa-de-litigios-de-consumo\/ral-mapa-e-lista-de-entidades.aspx<\/a><\/p><p><em>In the event of an online consumer dispute<\/em>, you may resort to an online dispute resolution (ODR) system, the ODR Platform, which has jurisdiction to <a title=\"Goldenergy Alternative Online Dispute Resolution Entities\" href=\"https:\/\/ec.europa.eu\/consumers\/odr\/main\/index.cfm?event=main.home.chooseLanguage\">resolve disputes relating to contractual obligations arising from contracts concluded online.<\/a><\/p><h4><strong>APPLICABLE LAW<\/strong><\/h4><p>The conditions of operation and use of this portal are governed exclusively by the laws of Portugal, and the competent court for the resolution of any disputes is the District Court of Vila Real, with waiver of any other.<\/p><p>In the event that these terms and conditions are deemed partially or totally invalid, unlawful, or unenforceable in any way by a competent authority, the aforementioned terms and conditions shall be deemed null and void, with the remaining terms and conditions remaining valid and enforceable to the fullest extent permitted by law.<\/p>\t\t\t\t\t\t\t\t<\/div>\n\t\t\t\t<\/div>\n\t\t\t\t\t<\/div>\n\t\t<\/div>\n\t\t\t\t\t<\/div>\n\t\t<\/section>\n\t\t\t\t<\/div>\n\t\t","protected":false},"excerpt":{"rendered":"<p>CONFLICT MANAGEMENT In the event of a consumer dispute, the consumer may resort to a Consumer Dispute Resolution Entity. The Directorate-General for Consumers publishes the list of Alternative Dispute Resolution Entities (ADR) that have been notified to the European Commission, pursuant to Article 17(2) of Law No. 144\/2015 of September 8, as amended by Decree-Law No. 102\/2017 of August 23. List of RAL entities available at: https:\/\/www.consumidor.gov.pt\/parceiros\/sistema-de-defesa-do-consumidor\/entidades-de-resolucao-alternativa-de-litigios-de-consumo\/ral-mapa-e-lista-de-entidades.aspx In the event of an online consumer dispute, you may resort to an online dispute resolution (ODR) system, the ODR Platform, which has jurisdiction to resolve disputes relating to contractual obligations arising from contracts concluded online. APPLICABLE LAW The conditions of operation and use of this portal are governed exclusively by the laws of Portugal, and the competent court for the resolution of any disputes is the District Court of Vila Real, with waiver of any other. In the event that these terms and conditions are deemed partially or totally invalid, unlawful, or unenforceable in any way by a competent authority, the aforementioned terms and conditions shall be deemed null and void, with the remaining terms and conditions remaining valid and enforceable to the fullest extent permitted by law.<\/p>\n","protected":false},"author":1,"featured_media":0,"parent":0,"menu_order":0,"comment_status":"closed","ping_status":"closed","template":"","meta":{"ocean_post_layout":"","ocean_both_sidebars_style":"","ocean_both_sidebars_content_width":0,"ocean_both_sidebars_sidebars_width":0,"ocean_sidebar":"0","ocean_second_sidebar":"0","ocean_disable_margins":"enable","ocean_add_body_class":"","ocean_shortcode_before_top_bar":"","ocean_shortcode_after_top_bar":"","ocean_shortcode_before_header":"","ocean_shortcode_after_header":"","ocean_has_shortcode":"","ocean_shortcode_after_title":"","ocean_shortcode_before_footer_widgets":"","ocean_shortcode_after_footer_widgets":"","ocean_shortcode_before_footer_bottom":"","ocean_shortcode_after_footer_bottom":"","ocean_display_top_bar":"default","ocean_display_header":"default","ocean_header_style":"","ocean_center_header_left_menu":"0","ocean_custom_header_template":"0","ocean_custom_logo":0,"ocean_custom_retina_logo":0,"ocean_custom_logo_max_width":0,"ocean_custom_logo_tablet_max_width":0,"ocean_custom_logo_mobile_max_width":0,"ocean_custom_logo_max_height":0,"ocean_custom_logo_tablet_max_height":0,"ocean_custom_logo_mobile_max_height":0,"ocean_header_custom_menu":"0","ocean_menu_typo_font_family":"0","ocean_menu_typo_font_subset":"","ocean_menu_typo_font_size":0,"ocean_menu_typo_font_size_tablet":0,"ocean_menu_typo_font_size_mobile":0,"ocean_menu_typo_font_size_unit":"px","ocean_menu_typo_font_weight":"","ocean_menu_typo_font_weight_tablet":"","ocean_menu_typo_font_weight_mobile":"","ocean_menu_typo_transform":"","ocean_menu_typo_transform_tablet":"","ocean_menu_typo_transform_mobile":"","ocean_menu_typo_line_height":0,"ocean_menu_typo_line_height_tablet":0,"ocean_menu_typo_line_height_mobile":0,"ocean_menu_typo_line_height_unit":"","ocean_menu_typo_spacing":0,"ocean_menu_typo_spacing_tablet":0,"ocean_menu_typo_spacing_mobile":0,"ocean_menu_typo_spacing_unit":"","ocean_menu_link_color":"","ocean_menu_link_color_hover":"","ocean_menu_link_color_active":"","ocean_menu_link_background":"","ocean_menu_link_hover_background":"","ocean_menu_link_active_background":"","ocean_menu_social_links_bg":"","ocean_menu_social_hover_links_bg":"","ocean_menu_social_links_color":"","ocean_menu_social_hover_links_color":"","ocean_disable_title":"default","ocean_disable_heading":"default","ocean_post_title":"","ocean_post_subheading":"","ocean_post_title_style":"","ocean_post_title_background_color":"","ocean_post_title_background":0,"ocean_post_title_bg_image_position":"","ocean_post_title_bg_image_attachment":"","ocean_post_title_bg_image_repeat":"","ocean_post_title_bg_image_size":"","ocean_post_title_height":0,"ocean_post_title_bg_overlay":0.5,"ocean_post_title_bg_overlay_color":"","ocean_disable_breadcrumbs":"default","ocean_breadcrumbs_color":"","ocean_breadcrumbs_separator_color":"","ocean_breadcrumbs_links_color":"","ocean_breadcrumbs_links_hover_color":"","ocean_display_footer_widgets":"default","ocean_display_footer_bottom":"default","ocean_custom_footer_template":"0","_joinchat":[],"footnotes":""},"class_list":["post-1488","page","type-page","status-publish","hentry","entry"],"yoast_head":"<!-- This site is optimized with the Yoast SEO plugin v26.7 - https:\/\/yoast.com\/wordpress\/plugins\/seo\/ -->\n<title>Resolu\u00e7\u00e3o Alternativa de Lit\u00edgios &#8211; Areias do Mar - Kayaks em Vila Nova de Milfontes - Portugal<\/title>\n<meta name=\"robots\" content=\"index, follow, max-snippet:-1, max-image-preview:large, max-video-preview:-1\" \/>\n<link rel=\"canonical\" href=\"https:\/\/kayakmilfontes.com\/en\/resolucao-alternativa-de-litigios\/\" \/>\n<meta property=\"og:locale\" content=\"en_US\" \/>\n<meta property=\"og:type\" content=\"article\" \/>\n<meta property=\"og:title\" content=\"Resolu\u00e7\u00e3o Alternativa de Lit\u00edgios &#8211; Areias do Mar - Kayaks em Vila Nova de Milfontes - Portugal\" \/>\n<meta property=\"og:description\" content=\"CONFLICT MANAGEMENT In the event of a consumer dispute, the consumer may resort to a Consumer Dispute Resolution Entity. The Directorate-General for Consumers publishes the list of Alternative Dispute Resolution Entities (ADR) that have been notified to the European Commission, pursuant to Article 17(2) of Law No. 144\/2015 of September 8, as amended by Decree-Law No. 102\/2017 of August 23. List of RAL entities available at: https:\/\/www.consumidor.gov.pt\/parceiros\/sistema-de-defesa-do-consumidor\/entidades-de-resolucao-alternativa-de-litigios-de-consumo\/ral-mapa-e-lista-de-entidades.aspx In the event of an online consumer dispute, you may resort to an online dispute resolution (ODR) system, the ODR Platform, which has jurisdiction to resolve disputes relating to contractual obligations arising from contracts concluded online. APPLICABLE LAW The conditions of operation and use of this portal are governed exclusively by the laws of Portugal, and the competent court for the resolution of any disputes is the District Court of Vila Real, with waiver of any other. In the event that these terms and conditions are deemed partially or totally invalid, unlawful, or unenforceable in any way by a competent authority, the aforementioned terms and conditions shall be deemed null and void, with the remaining terms and conditions remaining valid and enforceable to the fullest extent permitted by law.\" \/>\n<meta property=\"og:url\" content=\"https:\/\/kayakmilfontes.com\/en\/resolucao-alternativa-de-litigios\/\" \/>\n<meta property=\"og:site_name\" content=\"Areias do Mar - Kayaks em Vila Nova de Milfontes - Portugal\" \/>\n<meta property=\"article:publisher\" content=\"https:\/\/www.facebook.com\/kayaksmilfontes\" \/>\n<meta property=\"article:modified_time\" content=\"2026-01-15T13:57:16+00:00\" \/>\n<meta name=\"twitter:card\" content=\"summary_large_image\" \/>\n<meta name=\"twitter:label1\" content=\"Est. reading time\" \/>\n\t<meta name=\"twitter:data1\" content=\"1 minute\" \/>\n<script type=\"application\/ld+json\" class=\"yoast-schema-graph\">{\"@context\":\"https:\/\/schema.org\",\"@graph\":[{\"@type\":\"WebPage\",\"@id\":\"https:\/\/kayakmilfontes.com\/en\/resolucao-alternativa-de-litigios\/\",\"url\":\"https:\/\/kayakmilfontes.com\/en\/resolucao-alternativa-de-litigios\/\",\"name\":\"Resolu\u00e7\u00e3o Alternativa de Lit\u00edgios &#8211; Areias do Mar - Kayaks em Vila Nova de Milfontes - Portugal\",\"isPartOf\":{\"@id\":\"http:\/\/kayakmilfontes.com\/en\/#website\"},\"datePublished\":\"2024-01-10T17:22:01+00:00\",\"dateModified\":\"2026-01-15T13:57:16+00:00\",\"breadcrumb\":{\"@id\":\"https:\/\/kayakmilfontes.com\/en\/resolucao-alternativa-de-litigios\/#breadcrumb\"},\"inLanguage\":\"en-US\",\"potentialAction\":[{\"@type\":\"ReadAction\",\"target\":[\"https:\/\/kayakmilfontes.com\/en\/resolucao-alternativa-de-litigios\/\"]}]},{\"@type\":\"BreadcrumbList\",\"@id\":\"https:\/\/kayakmilfontes.com\/en\/resolucao-alternativa-de-litigios\/#breadcrumb\",\"itemListElement\":[{\"@type\":\"ListItem\",\"position\":1,\"name\":\"Home\",\"item\":\"http:\/\/kayakmilfontes.com\/en\/\"},{\"@type\":\"ListItem\",\"position\":2,\"name\":\"Resolu\u00e7\u00e3o Alternativa de Lit\u00edgios\"}]},{\"@type\":\"WebSite\",\"@id\":\"http:\/\/kayakmilfontes.com\/en\/#website\",\"url\":\"http:\/\/kayakmilfontes.com\/en\/\",\"name\":\"Areias do Mar - Kayaks e Barcos em Vila Nova de Milfontes\",\"description\":\"Areias do Mar em Vila Nova de Milfontes - Odemira, \u00e9 no Rio Mira e nas praias da sua foz que a nossa empresa assenta as suas actividades de Kayaks.\",\"publisher\":{\"@id\":\"http:\/\/kayakmilfontes.com\/en\/#organization\"},\"potentialAction\":[{\"@type\":\"SearchAction\",\"target\":{\"@type\":\"EntryPoint\",\"urlTemplate\":\"http:\/\/kayakmilfontes.com\/en\/?s={search_term_string}\"},\"query-input\":{\"@type\":\"PropertyValueSpecification\",\"valueRequired\":true,\"valueName\":\"search_term_string\"}}],\"inLanguage\":\"en-US\"},{\"@type\":\"Organization\",\"@id\":\"http:\/\/kayakmilfontes.com\/en\/#organization\",\"name\":\"Areias do Mar - Vila Nova de Milfontes\",\"url\":\"http:\/\/kayakmilfontes.com\/en\/\",\"logo\":{\"@type\":\"ImageObject\",\"inLanguage\":\"en-US\",\"@id\":\"http:\/\/kayakmilfontes.com\/en\/#\/schema\/logo\/image\/\",\"url\":\"https:\/\/i0.wp.com\/kayakmilfontes.com\/wp-content\/uploads\/2018\/05\/logo.png?fit=424%2C101&ssl=1\",\"contentUrl\":\"https:\/\/i0.wp.com\/kayakmilfontes.com\/wp-content\/uploads\/2018\/05\/logo.png?fit=424%2C101&ssl=1\",\"width\":424,\"height\":101,\"caption\":\"Areias do Mar - Vila Nova de Milfontes\"},\"image\":{\"@id\":\"http:\/\/kayakmilfontes.com\/en\/#\/schema\/logo\/image\/\"},\"sameAs\":[\"https:\/\/www.facebook.com\/kayaksmilfontes\"]}]}<\/script>\n<!-- \/ Yoast SEO plugin. -->","yoast_head_json":{"title":"Resolu\u00e7\u00e3o Alternativa de Lit\u00edgios &#8211; Areias do Mar - Kayaks em Vila Nova de Milfontes - Portugal","robots":{"index":"index","follow":"follow","max-snippet":"max-snippet:-1","max-image-preview":"max-image-preview:large","max-video-preview":"max-video-preview:-1"},"canonical":"https:\/\/kayakmilfontes.com\/en\/resolucao-alternativa-de-litigios\/","og_locale":"en_US","og_type":"article","og_title":"Resolu\u00e7\u00e3o Alternativa de Lit\u00edgios &#8211; Areias do Mar - Kayaks em Vila Nova de Milfontes - Portugal","og_description":"CONFLICT MANAGEMENT In the event of a consumer dispute, the consumer may resort to a Consumer Dispute Resolution Entity. The Directorate-General for Consumers publishes the list of Alternative Dispute Resolution Entities (ADR) that have been notified to the European Commission, pursuant to Article 17(2) of Law No. 144\/2015 of September 8, as amended by Decree-Law No. 102\/2017 of August 23. List of RAL entities available at: https:\/\/www.consumidor.gov.pt\/parceiros\/sistema-de-defesa-do-consumidor\/entidades-de-resolucao-alternativa-de-litigios-de-consumo\/ral-mapa-e-lista-de-entidades.aspx In the event of an online consumer dispute, you may resort to an online dispute resolution (ODR) system, the ODR Platform, which has jurisdiction to resolve disputes relating to contractual obligations arising from contracts concluded online. APPLICABLE LAW The conditions of operation and use of this portal are governed exclusively by the laws of Portugal, and the competent court for the resolution of any disputes is the District Court of Vila Real, with waiver of any other. In the event that these terms and conditions are deemed partially or totally invalid, unlawful, or unenforceable in any way by a competent authority, the aforementioned terms and conditions shall be deemed null and void, with the remaining terms and conditions remaining valid and enforceable to the fullest extent permitted by law.","og_url":"https:\/\/kayakmilfontes.com\/en\/resolucao-alternativa-de-litigios\/","og_site_name":"Areias do Mar - Kayaks em Vila Nova de Milfontes - Portugal","article_publisher":"https:\/\/www.facebook.com\/kayaksmilfontes","article_modified_time":"2026-01-15T13:57:16+00:00","twitter_card":"summary_large_image","twitter_misc":{"Est. reading time":"1 minute"},"schema":{"@context":"https:\/\/schema.org","@graph":[{"@type":"WebPage","@id":"https:\/\/kayakmilfontes.com\/en\/resolucao-alternativa-de-litigios\/","url":"https:\/\/kayakmilfontes.com\/en\/resolucao-alternativa-de-litigios\/","name":"Resolu\u00e7\u00e3o Alternativa de Lit\u00edgios &#8211; Areias do Mar - Kayaks em Vila Nova de Milfontes - Portugal","isPartOf":{"@id":"http:\/\/kayakmilfontes.com\/en\/#website"},"datePublished":"2024-01-10T17:22:01+00:00","dateModified":"2026-01-15T13:57:16+00:00","breadcrumb":{"@id":"https:\/\/kayakmilfontes.com\/en\/resolucao-alternativa-de-litigios\/#breadcrumb"},"inLanguage":"en-US","potentialAction":[{"@type":"ReadAction","target":["https:\/\/kayakmilfontes.com\/en\/resolucao-alternativa-de-litigios\/"]}]},{"@type":"BreadcrumbList","@id":"https:\/\/kayakmilfontes.com\/en\/resolucao-alternativa-de-litigios\/#breadcrumb","itemListElement":[{"@type":"ListItem","position":1,"name":"Home","item":"http:\/\/kayakmilfontes.com\/en\/"},{"@type":"ListItem","position":2,"name":"Resolu\u00e7\u00e3o Alternativa de Lit\u00edgios"}]},{"@type":"WebSite","@id":"http:\/\/kayakmilfontes.com\/en\/#website","url":"http:\/\/kayakmilfontes.com\/en\/","name":"Areias do Mar - Kayaks e Barcos em Vila Nova de Milfontes","description":"Areias do Mar em Vila Nova de Milfontes - Odemira, \u00e9 no Rio Mira e nas praias da sua foz que a nossa empresa assenta as suas actividades de Kayaks.","publisher":{"@id":"http:\/\/kayakmilfontes.com\/en\/#organization"},"potentialAction":[{"@type":"SearchAction","target":{"@type":"EntryPoint","urlTemplate":"http:\/\/kayakmilfontes.com\/en\/?s={search_term_string}"},"query-input":{"@type":"PropertyValueSpecification","valueRequired":true,"valueName":"search_term_string"}}],"inLanguage":"en-US"},{"@type":"Organization","@id":"http:\/\/kayakmilfontes.com\/en\/#organization","name":"Areias do Mar - Vila Nova de Milfontes","url":"http:\/\/kayakmilfontes.com\/en\/","logo":{"@type":"ImageObject","inLanguage":"en-US","@id":"http:\/\/kayakmilfontes.com\/en\/#\/schema\/logo\/image\/","url":"https:\/\/i0.wp.com\/kayakmilfontes.com\/wp-content\/uploads\/2018\/05\/logo.png?fit=424%2C101&ssl=1","contentUrl":"https:\/\/i0.wp.com\/kayakmilfontes.com\/wp-content\/uploads\/2018\/05\/logo.png?fit=424%2C101&ssl=1","width":424,"height":101,"caption":"Areias do Mar - Vila Nova de Milfontes"},"image":{"@id":"http:\/\/kayakmilfontes.com\/en\/#\/schema\/logo\/image\/"},"sameAs":["https:\/\/www.facebook.com\/kayaksmilfontes"]}]}},"_links":{"self":[{"href":"https:\/\/kayakmilfontes.com\/en\/wp-json\/wp\/v2\/pages\/1488","targetHints":{"allow":["GET"]}}],"collection":[{"href":"https:\/\/kayakmilfontes.com\/en\/wp-json\/wp\/v2\/pages"}],"about":[{"href":"https:\/\/kayakmilfontes.com\/en\/wp-json\/wp\/v2\/types\/page"}],"author":[{"embeddable":true,"href":"https:\/\/kayakmilfontes.com\/en\/wp-json\/wp\/v2\/users\/1"}],"replies":[{"embeddable":true,"href":"https:\/\/kayakmilfontes.com\/en\/wp-json\/wp\/v2\/comments?post=1488"}],"version-history":[{"count":1,"href":"https:\/\/kayakmilfontes.com\/en\/wp-json\/wp\/v2\/pages\/1488\/revisions"}],"predecessor-version":[{"id":1489,"href":"https:\/\/kayakmilfontes.com\/en\/wp-json\/wp\/v2\/pages\/1488\/revisions\/1489"}],"wp:attachment":[{"href":"https:\/\/kayakmilfontes.com\/en\/wp-json\/wp\/v2\/media?parent=1488"}],"curies":[{"name":"wp","href":"https:\/\/api.w.org\/{rel}","templated":true}]}}