{"id":1544,"date":"2022-06-06T14:34:07","date_gmt":"2022-06-06T14:34:07","guid":{"rendered":"https:\/\/kayakmilfontes.com\/stand-up-paddle\/"},"modified":"2026-01-15T19:13:15","modified_gmt":"2026-01-15T19:13:15","slug":"stand-up-paddle","status":"publish","type":"page","link":"https:\/\/kayakmilfontes.com\/fr\/stand-up-paddle\/","title":{"rendered":"Stand Up Paddle"},"content":{"rendered":"\t\t<div data-elementor-type=\"wp-post\" data-elementor-id=\"1544\" class=\"elementor elementor-1544 elementor-1184\">\n\t\t\t\t\t\t<section class=\"elementor-section elementor-top-section elementor-element elementor-element-8cf7fd3 elementor-section-stretched elementor-section-height-min-height elementor-section-full_width elementor-section-height-default elementor-section-items-middle wpr-particle-no wpr-jarallax-no wpr-parallax-no wpr-sticky-section-no\" data-id=\"8cf7fd3\" data-element_type=\"section\" data-settings=\"{&quot;stretch_section&quot;:&quot;section-stretched&quot;,&quot;background_background&quot;:&quot;classic&quot;,&quot;shape_divider_bottom&quot;:&quot;wave-brush&quot;}\">\n\t\t\t\t\t\t\t<div class=\"elementor-background-overlay\"><\/div>\n\t\t\t\t\t\t<div class=\"elementor-shape elementor-shape-bottom\" aria-hidden=\"true\" data-negative=\"false\">\n\t\t\t<svg xmlns=\"http:\/\/www.w3.org\/2000\/svg\" viewBox=\"0 0 283.5 27.8\" preserveAspectRatio=\"none\">\n\t<path class=\"elementor-shape-fill\" d=\"M283.5,9.7c0,0-7.3,4.3-14,4.6c-6.8,0.3-12.6,0-20.9-1.5c-11.3-2-33.1-10.1-44.7-5.7\ts-12.1,4.6-18,7.4c-6.6,3.2-20,9.6-36.6,9.3C131.6,23.5,99.5,7.2,86.3,8c-1.4,0.1-6.6,0.8-10.5,2c-3.8,1.2-9.4,3.8-17,4.7\tc-3.2,0.4-8.3,1.1-14.2,0.9c-1.5-0.1-6.3-0.4-12-1.6c-5.7-1.2-11-3.1-15.8-3.7C6.5,9.2,0,10.8,0,10.8V0h283.5V9.7z M260.8,11.3\tc-0.7-1-2-0.4-4.3-0.4c-2.3,0-6.1-1.2-5.8-1.1c0.3,0.1,3.1,1.5,6,1.9C259.7,12.2,261.4,12.3,260.8,11.3z M242.4,8.6\tc0,0-2.4-0.2-5.6-0.9c-3.2-0.8-10.3-2.8-15.1-3.5c-8.2-1.1-15.8,0-15.1,0.1c0.8,0.1,9.6-0.6,17.6,1.1c3.3,0.7,9.3,2.2,12.4,2.7\tC239.9,8.7,242.4,8.6,242.4,8.6z M185.2,8.5c1.7-0.7-13.3,4.7-18.5,6.1c-2.1,0.6-6.2,1.6-10,2c-3.9,0.4-8.9,0.4-8.8,0.5\tc0,0.2,5.8,0.8,11.2,0c5.4-0.8,5.2-1.1,7.6-1.6C170.5,14.7,183.5,9.2,185.2,8.5z M199.1,6.9c0.2,0-0.8-0.4-4.8,1.1\tc-4,1.5-6.7,3.5-6.9,3.7c-0.2,0.1,3.5-1.8,6.6-3C197,7.5,199,6.9,199.1,6.9z M283,6c-0.1,0.1-1.9,1.1-4.8,2.5s-6.9,2.8-6.7,2.7\tc0.2,0,3.5-0.6,7.4-2.5C282.8,6.8,283.1,5.9,283,6z M31.3,11.6c0.1-0.2-1.9-0.2-4.5-1.2s-5.4-1.6-7.8-2C15,7.6,7.3,8.5,7.7,8.6\tC8,8.7,15.9,8.3,20.2,9.3c2.2,0.5,2.4,0.5,5.7,1.6S31.2,11.9,31.3,11.6z M73,9.2c0.4-0.1,3.5-1.6,8.4-2.6c4.9-1.1,8.9-0.5,8.9-0.8\tc0-0.3-1-0.9-6.2-0.3S72.6,9.3,73,9.2z M71.6,6.7C71.8,6.8,75,5.4,77.3,5c2.3-0.3,1.9-0.5,1.9-0.6c0-0.1-1.1-0.2-2.7,0.2\tC74.8,5.1,71.4,6.6,71.6,6.7z M93.6,4.4c0.1,0.2,3.5,0.8,5.6,1.8c2.1,1,1.8,0.6,1.9,0.5c0.1-0.1-0.8-0.8-2.4-1.3\tC97.1,4.8,93.5,4.2,93.6,4.4z M65.4,11.1c-0.1,0.3,0.3,0.5,1.9-0.2s2.6-1.3,2.2-1.2s-0.9,0.4-2.5,0.8C65.3,10.9,65.5,10.8,65.4,11.1\tz M34.5,12.4c-0.2,0,2.1,0.8,3.3,0.9c1.2,0.1,2,0.1,2-0.2c0-0.3-0.1-0.5-1.6-0.4C36.6,12.8,34.7,12.4,34.5,12.4z M152.2,21.1\tc-0.1,0.1-2.4-0.3-7.5-0.3c-5,0-13.6-2.4-17.2-3.5c-3.6-1.1,10,3.9,16.5,4.1C150.5,21.6,152.3,21,152.2,21.1z\"\/>\n\t<path class=\"elementor-shape-fill\" d=\"M269.6,18c-0.1-0.1-4.6,0.3-7.2,0c-7.3-0.7-17-3.2-16.6-2.9c0.4,0.3,13.7,3.1,17,3.3\tC267.7,18.8,269.7,18,269.6,18z\"\/>\n\t<path class=\"elementor-shape-fill\" d=\"M227.4,9.8c-0.2-0.1-4.5-1-9.5-1.2c-5-0.2-12.7,0.6-12.3,0.5c0.3-0.1,5.9-1.8,13.3-1.2\tS227.6,9.9,227.4,9.8z\"\/>\n\t<path class=\"elementor-shape-fill\" d=\"M204.5,13.4c-0.1-0.1,2-1,3.2-1.1c1.2-0.1,2,0,2,0.3c0,0.3-0.1,0.5-1.6,0.4\tC206.4,12.9,204.6,13.5,204.5,13.4z\"\/>\n\t<path class=\"elementor-shape-fill\" d=\"M201,10.6c0-0.1-4.4,1.2-6.3,2.2c-1.9,0.9-6.2,3.1-6.1,3.1c0.1,0.1,4.2-1.6,6.3-2.6\tS201,10.7,201,10.6z\"\/>\n\t<path class=\"elementor-shape-fill\" d=\"M154.5,26.7c-0.1-0.1-4.6,0.3-7.2,0c-7.3-0.7-17-3.2-16.6-2.9c0.4,0.3,13.7,3.1,17,3.3\tC152.6,27.5,154.6,26.8,154.5,26.7z\"\/>\n\t<path class=\"elementor-shape-fill\" d=\"M41.9,19.3c0,0,1.2-0.3,2.9-0.1c1.7,0.2,5.8,0.9,8.2,0.7c4.2-0.4,7.4-2.7,7-2.6\tc-0.4,0-4.3,2.2-8.6,1.9c-1.8-0.1-5.1-0.5-6.7-0.4S41.9,19.3,41.9,19.3z\"\/>\n\t<path class=\"elementor-shape-fill\" d=\"M75.5,12.6c0.2,0.1,2-0.8,4.3-1.1c2.3-0.2,2.1-0.3,2.1-0.5c0-0.1-1.8-0.4-3.4,0\tC76.9,11.5,75.3,12.5,75.5,12.6z\"\/>\n\t<path class=\"elementor-shape-fill\" d=\"M15.6,13.2c0-0.1,4.3,0,6.7,0.5c2.4,0.5,5,1.9,5,2c0,0.1-2.7-0.8-5.1-1.4\tC19.9,13.7,15.7,13.3,15.6,13.2z\"\/>\n<\/svg>\t\t<\/div>\n\t\t\t\t\t<div class=\"elementor-container elementor-column-gap-default\">\n\t\t\t\t\t<div class=\"elementor-column elementor-col-100 elementor-top-column elementor-element elementor-element-19a570d6\" data-id=\"19a570d6\" data-element_type=\"column\">\n\t\t\t<div class=\"elementor-widget-wrap elementor-element-populated\">\n\t\t\t\t\t\t<div class=\"elementor-element elementor-element-d1b0a63 elementor-widget elementor-widget-heading\" data-id=\"d1b0a63\" data-element_type=\"widget\" data-widget_type=\"heading.default\">\n\t\t\t\t<div class=\"elementor-widget-container\">\n\t\t\t\t\t<h2 class=\"elementor-heading-title elementor-size-default\">Stand Up Paddle<\/h2>\t\t\t\t<\/div>\n\t\t\t\t<\/div>\n\t\t\t\t\t<\/div>\n\t\t<\/div>\n\t\t\t\t\t<\/div>\n\t\t<\/section>\n\t\t\t\t<section class=\"elementor-section elementor-top-section elementor-element elementor-element-60fc81aa elementor-section-content-middle elementor-section-boxed elementor-section-height-default elementor-section-height-default wpr-particle-no wpr-jarallax-no wpr-parallax-no wpr-sticky-section-no\" data-id=\"60fc81aa\" data-element_type=\"section\">\n\t\t\t\t\t\t<div class=\"elementor-container elementor-column-gap-no\">\n\t\t\t\t\t<div class=\"elementor-column elementor-col-100 elementor-top-column elementor-element elementor-element-65240d9a\" data-id=\"65240d9a\" data-element_type=\"column\">\n\t\t\t<div class=\"elementor-widget-wrap elementor-element-populated\">\n\t\t\t\t\t\t<div class=\"elementor-element elementor-element-5ef9a572 elementor-widget elementor-widget-text-editor\" data-id=\"5ef9a572\" data-element_type=\"widget\" data-widget_type=\"text-editor.default\">\n\t\t\t\t<div class=\"elementor-widget-container\">\n\t\t\t\t\t\t\t\t\t<h1 class=\"vcex-heading vcex-module wpex-text-2xl wpex-font-normal wpex-m-auto wpex-max-w-100 vcex-heading-plain wpex-block wpex-text-center vc_custom_1553198119650\"><span class=\"vcex-heading-inner wpex-inline-block wpex-clr\">SW SUP \u00c9cole de Stand Up Paddle<\/span><\/h1><div class=\"wpb_text_column has-custom-color wpex-child-inherit-color wpb_content_element \"><div class=\"wpb_wrapper\"><p>SW SUP Portugal est la meilleure \u00e9cole class\u00e9e par Tripadvisor en termes d&rsquo;activit\u00e9 \u00e0 Vila Nova de Milfontes, avec plus de <strong>260 excellentes \u00e9valuations<\/strong>.<br>Venez vous passionner pour ce sport dans l&rsquo;une des meilleures \u00e9coles de SUP du Portugal !<\/p><\/div><\/div>\t\t\t\t\t\t\t\t<\/div>\n\t\t\t\t<\/div>\n\t\t\t\t<div class=\"elementor-element elementor-element-3076d07 wpr-button-icon-style-inline wpr-button-icon-position-right elementor-widget elementor-widget-wpr-button\" data-id=\"3076d07\" data-element_type=\"widget\" data-widget_type=\"wpr-button.default\">\n\t\t\t\t<div class=\"elementor-widget-container\">\n\t\t\t\t\t\t\n\t\t\t\n\t\t\n\t\t<div class=\"wpr-button-wrap elementor-clearfix\">\n\t\t<a class=\"wpr-button wpr-button-effect wpr-button-none\" data-text=\"\" href=\"https:\/\/swsup.pt\/\">\n\t\t\t\n\t\t\t<span class=\"wpr-button-content\">\n\t\t\t\t\t\t\t\t\t<span class=\"wpr-button-text\">R\u00e9server maintenant<\/span>\n\t\t\t\t\t\t\t\t\n\t\t\t\t\t\t\t<\/span>\n\t\t<\/a>\n\n\t\t\t\t<\/div>\n\t\n\t\n\t\t\t\t\t<\/div>\n\t\t\t\t<\/div>\n\t\t\t\t\t<\/div>\n\t\t<\/div>\n\t\t\t\t\t<\/div>\n\t\t<\/section>\n\t\t\t\t<\/div>\n\t\t","protected":false},"excerpt":{"rendered":"<p>Stand Up Paddle SW SUP \u00c9cole de Stand Up Paddle SW SUP Portugal est la meilleure \u00e9cole class\u00e9e par Tripadvisor en termes d&rsquo;activit\u00e9 \u00e0 Vila Nova de Milfontes, avec plus de 260 excellentes \u00e9valuations.Venez vous passionner pour ce sport dans l&rsquo;une des meilleures \u00e9coles de SUP du Portugal ! R\u00e9server maintenant<\/p>\n","protected":false},"author":1,"featured_media":0,"parent":0,"menu_order":0,"comment_status":"closed","ping_status":"closed","template":"","meta":{"ocean_post_layout":"full-screen","ocean_both_sidebars_style":"","ocean_both_sidebars_content_width":0,"ocean_both_sidebars_sidebars_width":0,"ocean_sidebar":"0","ocean_second_sidebar":"0","ocean_disable_margins":"enable","ocean_add_body_class":"","ocean_shortcode_before_top_bar":"","ocean_shortcode_after_top_bar":"","ocean_shortcode_before_header":"","ocean_shortcode_after_header":"","ocean_has_shortcode":"","ocean_shortcode_after_title":"","ocean_shortcode_before_footer_widgets":"","ocean_shortcode_after_footer_widgets":"","ocean_shortcode_before_footer_bottom":"","ocean_shortcode_after_footer_bottom":"","ocean_display_top_bar":"default","ocean_display_header":"default","ocean_header_style":"","ocean_center_header_left_menu":"0","ocean_custom_header_template":"0","ocean_custom_logo":0,"ocean_custom_retina_logo":0,"ocean_custom_logo_max_width":0,"ocean_custom_logo_tablet_max_width":0,"ocean_custom_logo_mobile_max_width":0,"ocean_custom_logo_max_height":0,"ocean_custom_logo_tablet_max_height":0,"ocean_custom_logo_mobile_max_height":0,"ocean_header_custom_menu":"0","ocean_menu_typo_font_family":"0","ocean_menu_typo_font_subset":"","ocean_menu_typo_font_size":0,"ocean_menu_typo_font_size_tablet":0,"ocean_menu_typo_font_size_mobile":0,"ocean_menu_typo_font_size_unit":"px","ocean_menu_typo_font_weight":"","ocean_menu_typo_font_weight_tablet":"","ocean_menu_typo_font_weight_mobile":"","ocean_menu_typo_transform":"","ocean_menu_typo_transform_tablet":"","ocean_menu_typo_transform_mobile":"","ocean_menu_typo_line_height":0,"ocean_menu_typo_line_height_tablet":0,"ocean_menu_typo_line_height_mobile":0,"ocean_menu_typo_line_height_unit":"","ocean_menu_typo_spacing":0,"ocean_menu_typo_spacing_tablet":0,"ocean_menu_typo_spacing_mobile":0,"ocean_menu_typo_spacing_unit":"","ocean_menu_link_color":"","ocean_menu_link_color_hover":"","ocean_menu_link_color_active":"","ocean_menu_link_background":"","ocean_menu_link_hover_background":"","ocean_menu_link_active_background":"","ocean_menu_social_links_bg":"","ocean_menu_social_hover_links_bg":"","ocean_menu_social_links_color":"","ocean_menu_social_hover_links_color":"","ocean_disable_title":"on","ocean_disable_heading":"default","ocean_post_title":"","ocean_post_subheading":"","ocean_post_title_style":"","ocean_post_title_background_color":"","ocean_post_title_background":0,"ocean_post_title_bg_image_position":"","ocean_post_title_bg_image_attachment":"","ocean_post_title_bg_image_repeat":"","ocean_post_title_bg_image_size":"","ocean_post_title_height":0,"ocean_post_title_bg_overlay":0.5,"ocean_post_title_bg_overlay_color":"","ocean_disable_breadcrumbs":"default","ocean_breadcrumbs_color":"","ocean_breadcrumbs_separator_color":"","ocean_breadcrumbs_links_color":"","ocean_breadcrumbs_links_hover_color":"","ocean_display_footer_widgets":"default","ocean_display_footer_bottom":"default","ocean_custom_footer_template":"0","_joinchat":[],"footnotes":""},"class_list":["post-1544","page","type-page","status-publish","hentry","entry"],"yoast_head":"<!-- This site is optimized with the Yoast SEO plugin v26.7 - https:\/\/yoast.com\/wordpress\/plugins\/seo\/ -->\n<title>Stand Up Paddle &#8211; Areias do Mar - Kayaks em Vila Nova de Milfontes - Portugal<\/title>\n<meta name=\"description\" content=\"Inspirados pelo nosso amor pelo SUP e tamb\u00e9m pelo Alentejo. Orgulhamo-nos de fornecer o melhor equipamento e melhores passeios para os nossos clientes.\" \/>\n<meta name=\"robots\" content=\"index, follow, max-snippet:-1, max-image-preview:large, max-video-preview:-1\" \/>\n<link rel=\"canonical\" href=\"https:\/\/kayakmilfontes.com\/fr\/stand-up-paddle\/\" \/>\n<meta property=\"og:locale\" content=\"fr_FR\" \/>\n<meta property=\"og:type\" content=\"article\" \/>\n<meta property=\"og:title\" content=\"Stand Up Paddle &#8211; Areias do Mar - Kayaks em Vila Nova de Milfontes - Portugal\" \/>\n<meta property=\"og:description\" content=\"Inspirados pelo nosso amor pelo SUP e tamb\u00e9m pelo Alentejo. Orgulhamo-nos de fornecer o melhor equipamento e melhores passeios para os nossos clientes.\" \/>\n<meta property=\"og:url\" content=\"https:\/\/kayakmilfontes.com\/fr\/stand-up-paddle\/\" \/>\n<meta property=\"og:site_name\" content=\"Areias do Mar - Kayaks em Vila Nova de Milfontes - Portugal\" \/>\n<meta property=\"article:publisher\" content=\"https:\/\/www.facebook.com\/kayaksmilfontes\" \/>\n<meta property=\"article:modified_time\" content=\"2026-01-15T19:13:15+00:00\" \/>\n<meta name=\"twitter:card\" content=\"summary_large_image\" \/>\n<meta name=\"twitter:label1\" content=\"Dur\u00e9e de lecture estim\u00e9e\" \/>\n\t<meta name=\"twitter:data1\" content=\"1 minute\" \/>\n<script type=\"application\/ld+json\" class=\"yoast-schema-graph\">{\"@context\":\"https:\/\/schema.org\",\"@graph\":[{\"@type\":\"WebPage\",\"@id\":\"https:\/\/kayakmilfontes.com\/fr\/stand-up-paddle\/\",\"url\":\"https:\/\/kayakmilfontes.com\/fr\/stand-up-paddle\/\",\"name\":\"Stand Up Paddle &#8211; Areias do Mar - Kayaks em Vila Nova de Milfontes - Portugal\",\"isPartOf\":{\"@id\":\"https:\/\/kayakmilfontes.com\/#website\"},\"datePublished\":\"2022-06-06T14:34:07+00:00\",\"dateModified\":\"2026-01-15T19:13:15+00:00\",\"description\":\"Inspirados pelo nosso amor pelo SUP e tamb\u00e9m pelo Alentejo. Orgulhamo-nos de fornecer o melhor equipamento e melhores passeios para os nossos clientes.\",\"breadcrumb\":{\"@id\":\"https:\/\/kayakmilfontes.com\/fr\/stand-up-paddle\/#breadcrumb\"},\"inLanguage\":\"fr-FR\",\"potentialAction\":[{\"@type\":\"ReadAction\",\"target\":[\"https:\/\/kayakmilfontes.com\/fr\/stand-up-paddle\/\"]}]},{\"@type\":\"BreadcrumbList\",\"@id\":\"https:\/\/kayakmilfontes.com\/fr\/stand-up-paddle\/#breadcrumb\",\"itemListElement\":[{\"@type\":\"ListItem\",\"position\":1,\"name\":\"Home\",\"item\":\"https:\/\/kayakmilfontes.com\/fr\/\"},{\"@type\":\"ListItem\",\"position\":2,\"name\":\"Stand Up Paddle\"}]},{\"@type\":\"WebSite\",\"@id\":\"https:\/\/kayakmilfontes.com\/#website\",\"url\":\"https:\/\/kayakmilfontes.com\/\",\"name\":\"Areias do Mar - Kayaks e Barcos em Vila Nova de Milfontes\",\"description\":\"Areias do Mar em Vila Nova de Milfontes - Odemira, \u00e9 no Rio Mira e nas praias da sua foz que a nossa empresa assenta as suas actividades de Kayaks.\",\"publisher\":{\"@id\":\"https:\/\/kayakmilfontes.com\/#organization\"},\"potentialAction\":[{\"@type\":\"SearchAction\",\"target\":{\"@type\":\"EntryPoint\",\"urlTemplate\":\"https:\/\/kayakmilfontes.com\/?s={search_term_string}\"},\"query-input\":{\"@type\":\"PropertyValueSpecification\",\"valueRequired\":true,\"valueName\":\"search_term_string\"}}],\"inLanguage\":\"fr-FR\"},{\"@type\":\"Organization\",\"@id\":\"https:\/\/kayakmilfontes.com\/#organization\",\"name\":\"Areias do Mar - Vila Nova de Milfontes\",\"url\":\"https:\/\/kayakmilfontes.com\/\",\"logo\":{\"@type\":\"ImageObject\",\"inLanguage\":\"fr-FR\",\"@id\":\"https:\/\/kayakmilfontes.com\/#\/schema\/logo\/image\/\",\"url\":\"https:\/\/i0.wp.com\/kayakmilfontes.com\/wp-content\/uploads\/2018\/05\/logo.png?fit=424%2C101&ssl=1\",\"contentUrl\":\"https:\/\/i0.wp.com\/kayakmilfontes.com\/wp-content\/uploads\/2018\/05\/logo.png?fit=424%2C101&ssl=1\",\"width\":424,\"height\":101,\"caption\":\"Areias do Mar - Vila Nova de Milfontes\"},\"image\":{\"@id\":\"https:\/\/kayakmilfontes.com\/#\/schema\/logo\/image\/\"},\"sameAs\":[\"https:\/\/www.facebook.com\/kayaksmilfontes\"]}]}<\/script>\n<!-- \/ Yoast SEO plugin. -->","yoast_head_json":{"title":"Stand Up Paddle &#8211; Areias do Mar - Kayaks em Vila Nova de Milfontes - Portugal","description":"Inspirados pelo nosso amor pelo SUP e tamb\u00e9m pelo Alentejo. Orgulhamo-nos de fornecer o melhor equipamento e melhores passeios para os nossos clientes.","robots":{"index":"index","follow":"follow","max-snippet":"max-snippet:-1","max-image-preview":"max-image-preview:large","max-video-preview":"max-video-preview:-1"},"canonical":"https:\/\/kayakmilfontes.com\/fr\/stand-up-paddle\/","og_locale":"fr_FR","og_type":"article","og_title":"Stand Up Paddle &#8211; Areias do Mar - Kayaks em Vila Nova de Milfontes - Portugal","og_description":"Inspirados pelo nosso amor pelo SUP e tamb\u00e9m pelo Alentejo. Orgulhamo-nos de fornecer o melhor equipamento e melhores passeios para os nossos clientes.","og_url":"https:\/\/kayakmilfontes.com\/fr\/stand-up-paddle\/","og_site_name":"Areias do Mar - Kayaks em Vila Nova de Milfontes - Portugal","article_publisher":"https:\/\/www.facebook.com\/kayaksmilfontes","article_modified_time":"2026-01-15T19:13:15+00:00","twitter_card":"summary_large_image","twitter_misc":{"Dur\u00e9e de lecture estim\u00e9e":"1 minute"},"schema":{"@context":"https:\/\/schema.org","@graph":[{"@type":"WebPage","@id":"https:\/\/kayakmilfontes.com\/fr\/stand-up-paddle\/","url":"https:\/\/kayakmilfontes.com\/fr\/stand-up-paddle\/","name":"Stand Up Paddle &#8211; Areias do Mar - Kayaks em Vila Nova de Milfontes - Portugal","isPartOf":{"@id":"https:\/\/kayakmilfontes.com\/#website"},"datePublished":"2022-06-06T14:34:07+00:00","dateModified":"2026-01-15T19:13:15+00:00","description":"Inspirados pelo nosso amor pelo SUP e tamb\u00e9m pelo Alentejo. Orgulhamo-nos de fornecer o melhor equipamento e melhores passeios para os nossos clientes.","breadcrumb":{"@id":"https:\/\/kayakmilfontes.com\/fr\/stand-up-paddle\/#breadcrumb"},"inLanguage":"fr-FR","potentialAction":[{"@type":"ReadAction","target":["https:\/\/kayakmilfontes.com\/fr\/stand-up-paddle\/"]}]},{"@type":"BreadcrumbList","@id":"https:\/\/kayakmilfontes.com\/fr\/stand-up-paddle\/#breadcrumb","itemListElement":[{"@type":"ListItem","position":1,"name":"Home","item":"https:\/\/kayakmilfontes.com\/fr\/"},{"@type":"ListItem","position":2,"name":"Stand Up Paddle"}]},{"@type":"WebSite","@id":"https:\/\/kayakmilfontes.com\/#website","url":"https:\/\/kayakmilfontes.com\/","name":"Areias do Mar - Kayaks e Barcos em Vila Nova de Milfontes","description":"Areias do Mar em Vila Nova de Milfontes - Odemira, \u00e9 no Rio Mira e nas praias da sua foz que a nossa empresa assenta as suas actividades de Kayaks.","publisher":{"@id":"https:\/\/kayakmilfontes.com\/#organization"},"potentialAction":[{"@type":"SearchAction","target":{"@type":"EntryPoint","urlTemplate":"https:\/\/kayakmilfontes.com\/?s={search_term_string}"},"query-input":{"@type":"PropertyValueSpecification","valueRequired":true,"valueName":"search_term_string"}}],"inLanguage":"fr-FR"},{"@type":"Organization","@id":"https:\/\/kayakmilfontes.com\/#organization","name":"Areias do Mar - Vila Nova de Milfontes","url":"https:\/\/kayakmilfontes.com\/","logo":{"@type":"ImageObject","inLanguage":"fr-FR","@id":"https:\/\/kayakmilfontes.com\/#\/schema\/logo\/image\/","url":"https:\/\/i0.wp.com\/kayakmilfontes.com\/wp-content\/uploads\/2018\/05\/logo.png?fit=424%2C101&ssl=1","contentUrl":"https:\/\/i0.wp.com\/kayakmilfontes.com\/wp-content\/uploads\/2018\/05\/logo.png?fit=424%2C101&ssl=1","width":424,"height":101,"caption":"Areias do Mar - Vila Nova de Milfontes"},"image":{"@id":"https:\/\/kayakmilfontes.com\/#\/schema\/logo\/image\/"},"sameAs":["https:\/\/www.facebook.com\/kayaksmilfontes"]}]}},"_links":{"self":[{"href":"https:\/\/kayakmilfontes.com\/fr\/wp-json\/wp\/v2\/pages\/1544","targetHints":{"allow":["GET"]}}],"collection":[{"href":"https:\/\/kayakmilfontes.com\/fr\/wp-json\/wp\/v2\/pages"}],"about":[{"href":"https:\/\/kayakmilfontes.com\/fr\/wp-json\/wp\/v2\/types\/page"}],"author":[{"embeddable":true,"href":"https:\/\/kayakmilfontes.com\/fr\/wp-json\/wp\/v2\/users\/1"}],"replies":[{"embeddable":true,"href":"https:\/\/kayakmilfontes.com\/fr\/wp-json\/wp\/v2\/comments?post=1544"}],"version-history":[{"count":4,"href":"https:\/\/kayakmilfontes.com\/fr\/wp-json\/wp\/v2\/pages\/1544\/revisions"}],"predecessor-version":[{"id":1654,"href":"https:\/\/kayakmilfontes.com\/fr\/wp-json\/wp\/v2\/pages\/1544\/revisions\/1654"}],"wp:attachment":[{"href":"https:\/\/kayakmilfontes.com\/fr\/wp-json\/wp\/v2\/media?parent=1544"}],"curies":[{"name":"wp","href":"https:\/\/api.w.org\/{rel}","templated":true}]}}